{"id":41697,"date":"2020-03-24T22:08:49","date_gmt":"2020-03-24T22:08:49","guid":{"rendered":"https:\/\/www.digitalvirgo.com\/?page_id=41697"},"modified":"2021-11-04T14:33:28","modified_gmt":"2021-11-04T13:33:28","slug":"informacje","status":"publish","type":"page","link":"https:\/\/www.digitalvirgo.com\/pl\/informacje\/","title":{"rendered":"Informacje"},"content":{"rendered":"\t\t<div data-elementor-type=\"wp-page\" data-elementor-id=\"41697\" class=\"elementor elementor-41697\" data-elementor-settings=\"{&quot;ha_cmc_init_switcher&quot;:&quot;no&quot;}\" data-elementor-post-type=\"page\">\n\t\t\t\t\t\t<section class=\"elementor-section elementor-top-section elementor-element elementor-element-a01d31d elementor-section-boxed elementor-section-height-default elementor-section-height-default\" data-id=\"a01d31d\" data-element_type=\"section\" data-e-type=\"section\" data-settings=\"{&quot;background_background&quot;:&quot;classic&quot;,&quot;background_image&quot;:{&quot;url&quot;:&quot;&quot;,&quot;id&quot;:&quot;&quot;,&quot;size&quot;:&quot;&quot;},&quot;_ha_eqh_enable&quot;:false}\">\n\t\t\t\t\t\t<div class=\"elementor-container elementor-column-gap-default\">\n\t\t\t\t\t<div class=\"elementor-column elementor-col-100 elementor-top-column elementor-element elementor-element-e55dc5e\" data-id=\"e55dc5e\" data-element_type=\"column\" data-e-type=\"column\">\n\t\t\t<div class=\"elementor-widget-wrap elementor-element-populated\">\n\t\t\t\t\t\t<div class=\"elementor-element elementor-element-9c8cb6f elementor-hidden-desktop elementor-hidden-tablet elementor-hidden-phone elementor-widget elementor-widget-heading\" data-id=\"9c8cb6f\" data-element_type=\"widget\" data-e-type=\"widget\" data-widget_type=\"heading.default\">\n\t\t\t\t<div class=\"elementor-widget-container\">\n\t\t\t\t\t<h2 class=\"elementor-heading-title elementor-size-default\">Brak aktualnych og\u0142osze\u0144 dla akcjonariuszy, wymaganych przez przepisy prawa lub postanowienia Statutu Sp\u00f3\u0142ki.<\/h2>\t\t\t\t<\/div>\n\t\t\t\t<\/div>\n\t\t\t\t<div class=\"elementor-element elementor-element-34fa115 elementor-widget elementor-widget-heading\" data-id=\"34fa115\" data-element_type=\"widget\" data-e-type=\"widget\" data-widget_type=\"heading.default\">\n\t\t\t\t<div class=\"elementor-widget-container\">\n\t\t\t\t\t<h2 class=\"elementor-heading-title elementor-size-default\">Wezwanie do z\u0142o\u017cenia akcji w celu ich dematerializacji<\/h2>\t\t\t\t<\/div>\n\t\t\t\t<\/div>\n\t\t\t\t<div class=\"elementor-element elementor-element-2d77e2f elementor-widget elementor-widget-text-editor\" data-id=\"2d77e2f\" data-element_type=\"widget\" data-e-type=\"widget\" data-widget_type=\"text-editor.default\">\n\t\t\t\t<div class=\"elementor-widget-container\">\n\t\t\t\t\t\t\t\t\t<p>Zarz\u0105d sp\u00f3\u0142ki pod firm\u0105 Digital Virgo Polska Sp\u00f3\u0142ka Akcyjna z siedzib\u0105 w Warszawie (&#8217;Sp\u00f3\u0142ka&#8217;), na podstawie art. 16 ustawy z dnia 30 sierpnia 2019 roku o zmianie ustawy &#8211; Kodeks sp\u00f3\u0142ek handlowych oraz niekt\u00f3rych innych ustaw (Dz.U. z 2019 r. poz. 1798) wzywa wszystkich akcjonariuszy Sp\u00f3\u0142ki do z\u0142o\u017cenia posiadanych dokument\u00f3w akcji w celu ich dematerializacji. Dokumenty akcji nale\u017cy sk\u0142ada\u0107 w siedzibie Sp\u00f3\u0142ki, przy ul. Inflanckiej 4, 00-189 Warszawa.<\/p>\t\t\t\t\t\t\t\t<\/div>\n\t\t\t\t<\/div>\n\t\t\t\t<div class=\"elementor-element elementor-element-5fda16a elementor-widget elementor-widget-heading\" data-id=\"5fda16a\" data-element_type=\"widget\" data-e-type=\"widget\" data-widget_type=\"heading.default\">\n\t\t\t\t<div class=\"elementor-widget-container\">\n\t\t\t\t\t<h2 class=\"elementor-heading-title elementor-size-default\">A call to submit shares for their dematerialization<\/h2>\t\t\t\t<\/div>\n\t\t\t\t<\/div>\n\t\t\t\t<div class=\"elementor-element elementor-element-397c19b elementor-widget elementor-widget-text-editor\" data-id=\"397c19b\" data-element_type=\"widget\" data-e-type=\"widget\" data-widget_type=\"text-editor.default\">\n\t\t\t\t<div class=\"elementor-widget-container\">\n\t\t\t\t\t\t\t\t\t<p>The Management Board of the company under the name Digital Virgo Polska Sp\u00f3\u0142ka Akcyjna with its registered office in Warsaw (the 'Company&#8217;), pursuant to Article 16 of the Act of August 30, 2019 amending the Act &#8211; Code of Commercial Companies and certain other acts (Journal of Laws of 2019, item 1798) calls on all Company shareholders to submit their share documents in order to dematerialize them. Share documents should be submitted at the Company&#8217;s headquarters at ul. Inflancka 4, 00-189 Warsaw.<\/p>\t\t\t\t\t\t\t\t<\/div>\n\t\t\t\t<\/div>\n\t\t\t\t\t<\/div>\n\t\t<\/div>\n\t\t\t\t\t<\/div>\n\t\t<\/section>\n\t\t\t\t<\/div>\n\t\t","protected":false},"excerpt":{"rendered":"<p>Brak aktualnych og\u0142osze\u0144 dla akcjonariuszy, wymaganych przez przepisy prawa lub postanowienia Statutu Sp\u00f3\u0142ki. Wezwanie do z\u0142o\u017cenia akcji w celu ich dematerializacji Zarz\u0105d sp\u00f3\u0142ki pod firm\u0105 Digital Virgo Polska Sp\u00f3\u0142ka Akcyjna z siedzib\u0105 w Warszawie (&#8217;Sp\u00f3\u0142ka&#8217;), na podstawie art. 16 ustawy z dnia 30 sierpnia 2019 roku o zmianie ustawy &#8211; Kodeks sp\u00f3\u0142ek handlowych oraz niekt\u00f3rych [&hellip;]<\/p>\n","protected":false},"author":1,"featured_media":0,"parent":0,"menu_order":0,"comment_status":"closed","ping_status":"closed","template":"","meta":{"_acf_changed":false,"_monsterinsights_skip_tracking":false,"_monsterinsights_sitenote_active":false,"_monsterinsights_sitenote_note":"","_monsterinsights_sitenote_category":0,"footnotes":"","_links_to":"","_links_to_target":""},"class_list":["post-41697","page","type-page","status-publish","hentry"],"acf":[],"yoast_head":"<!-- This site is optimized with the Yoast SEO plugin v27.4 - https:\/\/yoast.com\/product\/yoast-seo-wordpress\/ -->\n<title>Informacje &#8226; Digital Virgo<\/title>\n<meta name=\"robots\" content=\"index, follow, max-snippet:-1, max-image-preview:large, max-video-preview:-1\" \/>\n<link rel=\"canonical\" href=\"https:\/\/www.digitalvirgo.com\/pl\/informacje\/\" \/>\n<meta property=\"og:locale\" content=\"pl_PL\" \/>\n<meta property=\"og:type\" content=\"article\" \/>\n<meta property=\"og:title\" content=\"Informacje &#8226; Digital Virgo\" \/>\n<meta property=\"og:description\" content=\"Brak aktualnych og\u0142osze\u0144 dla akcjonariuszy, wymaganych przez przepisy prawa lub postanowienia Statutu Sp\u00f3\u0142ki. Wezwanie do z\u0142o\u017cenia akcji w celu ich dematerializacji Zarz\u0105d sp\u00f3\u0142ki pod firm\u0105 Digital Virgo Polska Sp\u00f3\u0142ka Akcyjna z siedzib\u0105 w Warszawie (&#8217;Sp\u00f3\u0142ka&#8217;), na podstawie art. 16 ustawy z dnia 30 sierpnia 2019 roku o zmianie ustawy &#8211; Kodeks sp\u00f3\u0142ek handlowych oraz niekt\u00f3rych [&hellip;]\" \/>\n<meta property=\"og:url\" content=\"https:\/\/www.digitalvirgo.com\/pl\/informacje\/\" \/>\n<meta property=\"og:site_name\" content=\"Digital Virgo\" \/>\n<meta property=\"article:publisher\" content=\"https:\/\/www.facebook.com\/digitalvirgo\/\" \/>\n<meta property=\"article:modified_time\" content=\"2021-11-04T13:33:28+00:00\" \/>\n<meta name=\"twitter:card\" content=\"summary_large_image\" \/>\n<meta name=\"twitter:site\" content=\"@DigitalVirgo\" \/>\n<meta name=\"twitter:label1\" content=\"Szacowany czas czytania\" \/>\n\t<meta name=\"twitter:data1\" content=\"1 minuta\" \/>\n<script type=\"application\/ld+json\" class=\"yoast-schema-graph\">{\"@context\":\"https:\\\/\\\/schema.org\",\"@graph\":[{\"@type\":\"WebPage\",\"@id\":\"https:\\\/\\\/www.digitalvirgo.com\\\/pl\\\/informacje\\\/\",\"url\":\"https:\\\/\\\/www.digitalvirgo.com\\\/pl\\\/informacje\\\/\",\"name\":\"Informacje &#8226; Digital Virgo\",\"isPartOf\":{\"@id\":\"https:\\\/\\\/www.digitalvirgo.com\\\/pl\\\/#website\"},\"datePublished\":\"2020-03-24T22:08:49+00:00\",\"dateModified\":\"2021-11-04T13:33:28+00:00\",\"breadcrumb\":{\"@id\":\"https:\\\/\\\/www.digitalvirgo.com\\\/pl\\\/informacje\\\/#breadcrumb\"},\"inLanguage\":\"pl-PL\",\"potentialAction\":[{\"@type\":\"ReadAction\",\"target\":[\"https:\\\/\\\/www.digitalvirgo.com\\\/pl\\\/informacje\\\/\"]}]},{\"@type\":\"BreadcrumbList\",\"@id\":\"https:\\\/\\\/www.digitalvirgo.com\\\/pl\\\/informacje\\\/#breadcrumb\",\"itemListElement\":[{\"@type\":\"ListItem\",\"position\":1,\"name\":\"Home\",\"item\":\"https:\\\/\\\/www.digitalvirgo.com\\\/pl\\\/home\\\/\"},{\"@type\":\"ListItem\",\"position\":2,\"name\":\"Informacje\"}]},{\"@type\":\"WebSite\",\"@id\":\"https:\\\/\\\/www.digitalvirgo.com\\\/pl\\\/#website\",\"url\":\"https:\\\/\\\/www.digitalvirgo.com\\\/pl\\\/\",\"name\":\"Digital Virgo\",\"description\":\"Making the most of Mobile Payment\",\"publisher\":{\"@id\":\"https:\\\/\\\/www.digitalvirgo.com\\\/pl\\\/#organization\"},\"potentialAction\":[{\"@type\":\"SearchAction\",\"target\":{\"@type\":\"EntryPoint\",\"urlTemplate\":\"https:\\\/\\\/www.digitalvirgo.com\\\/pl\\\/?s={search_term_string}\"},\"query-input\":{\"@type\":\"PropertyValueSpecification\",\"valueRequired\":true,\"valueName\":\"search_term_string\"}}],\"inLanguage\":\"pl-PL\"},{\"@type\":\"Organization\",\"@id\":\"https:\\\/\\\/www.digitalvirgo.com\\\/pl\\\/#organization\",\"name\":\"Digital Virgo\",\"url\":\"https:\\\/\\\/www.digitalvirgo.com\\\/pl\\\/\",\"logo\":{\"@type\":\"ImageObject\",\"inLanguage\":\"pl-PL\",\"@id\":\"https:\\\/\\\/www.digitalvirgo.com\\\/pl\\\/#\\\/schema\\\/logo\\\/image\\\/\",\"url\":\"https:\\\/\\\/www.digitalvirgo.com\\\/wp-content\\\/uploads\\\/2020\\\/07\\\/DV_Square_No-Baseline-\u2013-1.png\",\"contentUrl\":\"https:\\\/\\\/www.digitalvirgo.com\\\/wp-content\\\/uploads\\\/2020\\\/07\\\/DV_Square_No-Baseline-\u2013-1.png\",\"width\":360,\"height\":133,\"caption\":\"Digital Virgo\"},\"image\":{\"@id\":\"https:\\\/\\\/www.digitalvirgo.com\\\/pl\\\/#\\\/schema\\\/logo\\\/image\\\/\"},\"sameAs\":[\"https:\\\/\\\/www.facebook.com\\\/digitalvirgo\\\/\",\"https:\\\/\\\/x.com\\\/DigitalVirgo\",\"https:\\\/\\\/www.instagram.com\\\/digitalvirgo\\\/\",\"https:\\\/\\\/www.linkedin.com\\\/company\\\/digitalvirgo\\\/\",\"https:\\\/\\\/www.youtube.com\\\/channel\\\/UCWOpLAp39LC7EZPg60f8jrQ\"]}]}<\/script>\n<!-- \/ Yoast SEO plugin. -->","yoast_head_json":{"title":"Informacje &#8226; Digital Virgo","robots":{"index":"index","follow":"follow","max-snippet":"max-snippet:-1","max-image-preview":"max-image-preview:large","max-video-preview":"max-video-preview:-1"},"canonical":"https:\/\/www.digitalvirgo.com\/pl\/informacje\/","og_locale":"pl_PL","og_type":"article","og_title":"Informacje &#8226; Digital Virgo","og_description":"Brak aktualnych og\u0142osze\u0144 dla akcjonariuszy, wymaganych przez przepisy prawa lub postanowienia Statutu Sp\u00f3\u0142ki. Wezwanie do z\u0142o\u017cenia akcji w celu ich dematerializacji Zarz\u0105d sp\u00f3\u0142ki pod firm\u0105 Digital Virgo Polska Sp\u00f3\u0142ka Akcyjna z siedzib\u0105 w Warszawie (&#8217;Sp\u00f3\u0142ka&#8217;), na podstawie art. 16 ustawy z dnia 30 sierpnia 2019 roku o zmianie ustawy &#8211; Kodeks sp\u00f3\u0142ek handlowych oraz niekt\u00f3rych [&hellip;]","og_url":"https:\/\/www.digitalvirgo.com\/pl\/informacje\/","og_site_name":"Digital Virgo","article_publisher":"https:\/\/www.facebook.com\/digitalvirgo\/","article_modified_time":"2021-11-04T13:33:28+00:00","twitter_card":"summary_large_image","twitter_site":"@DigitalVirgo","twitter_misc":{"Szacowany czas czytania":"1 minuta"},"schema":{"@context":"https:\/\/schema.org","@graph":[{"@type":"WebPage","@id":"https:\/\/www.digitalvirgo.com\/pl\/informacje\/","url":"https:\/\/www.digitalvirgo.com\/pl\/informacje\/","name":"Informacje &#8226; Digital Virgo","isPartOf":{"@id":"https:\/\/www.digitalvirgo.com\/pl\/#website"},"datePublished":"2020-03-24T22:08:49+00:00","dateModified":"2021-11-04T13:33:28+00:00","breadcrumb":{"@id":"https:\/\/www.digitalvirgo.com\/pl\/informacje\/#breadcrumb"},"inLanguage":"pl-PL","potentialAction":[{"@type":"ReadAction","target":["https:\/\/www.digitalvirgo.com\/pl\/informacje\/"]}]},{"@type":"BreadcrumbList","@id":"https:\/\/www.digitalvirgo.com\/pl\/informacje\/#breadcrumb","itemListElement":[{"@type":"ListItem","position":1,"name":"Home","item":"https:\/\/www.digitalvirgo.com\/pl\/home\/"},{"@type":"ListItem","position":2,"name":"Informacje"}]},{"@type":"WebSite","@id":"https:\/\/www.digitalvirgo.com\/pl\/#website","url":"https:\/\/www.digitalvirgo.com\/pl\/","name":"Digital Virgo","description":"Making the most of Mobile Payment","publisher":{"@id":"https:\/\/www.digitalvirgo.com\/pl\/#organization"},"potentialAction":[{"@type":"SearchAction","target":{"@type":"EntryPoint","urlTemplate":"https:\/\/www.digitalvirgo.com\/pl\/?s={search_term_string}"},"query-input":{"@type":"PropertyValueSpecification","valueRequired":true,"valueName":"search_term_string"}}],"inLanguage":"pl-PL"},{"@type":"Organization","@id":"https:\/\/www.digitalvirgo.com\/pl\/#organization","name":"Digital Virgo","url":"https:\/\/www.digitalvirgo.com\/pl\/","logo":{"@type":"ImageObject","inLanguage":"pl-PL","@id":"https:\/\/www.digitalvirgo.com\/pl\/#\/schema\/logo\/image\/","url":"https:\/\/www.digitalvirgo.com\/wp-content\/uploads\/2020\/07\/DV_Square_No-Baseline-\u2013-1.png","contentUrl":"https:\/\/www.digitalvirgo.com\/wp-content\/uploads\/2020\/07\/DV_Square_No-Baseline-\u2013-1.png","width":360,"height":133,"caption":"Digital Virgo"},"image":{"@id":"https:\/\/www.digitalvirgo.com\/pl\/#\/schema\/logo\/image\/"},"sameAs":["https:\/\/www.facebook.com\/digitalvirgo\/","https:\/\/x.com\/DigitalVirgo","https:\/\/www.instagram.com\/digitalvirgo\/","https:\/\/www.linkedin.com\/company\/digitalvirgo\/","https:\/\/www.youtube.com\/channel\/UCWOpLAp39LC7EZPg60f8jrQ"]}]}},"_links":{"self":[{"href":"https:\/\/www.digitalvirgo.com\/pl\/wp-json\/wp\/v2\/pages\/41697","targetHints":{"allow":["GET"]}}],"collection":[{"href":"https:\/\/www.digitalvirgo.com\/pl\/wp-json\/wp\/v2\/pages"}],"about":[{"href":"https:\/\/www.digitalvirgo.com\/pl\/wp-json\/wp\/v2\/types\/page"}],"author":[{"embeddable":true,"href":"https:\/\/www.digitalvirgo.com\/pl\/wp-json\/wp\/v2\/users\/1"}],"replies":[{"embeddable":true,"href":"https:\/\/www.digitalvirgo.com\/pl\/wp-json\/wp\/v2\/comments?post=41697"}],"version-history":[{"count":0,"href":"https:\/\/www.digitalvirgo.com\/pl\/wp-json\/wp\/v2\/pages\/41697\/revisions"}],"wp:attachment":[{"href":"https:\/\/www.digitalvirgo.com\/pl\/wp-json\/wp\/v2\/media?parent=41697"}],"curies":[{"name":"wp","href":"https:\/\/api.w.org\/{rel}","templated":true}]}}