{"id":102626,"date":"2021-10-15T15:20:06","date_gmt":"2021-10-15T14:20:06","guid":{"rendered":"https:\/\/www.digitalvirgo.com\/?page_id=102626"},"modified":"2024-06-24T14:58:42","modified_gmt":"2024-06-24T13:58:42","slug":"positive-impact-test","status":"publish","type":"page","link":"https:\/\/www.digitalvirgo.com\/lt\/group\/positive-impact-test\/","title":{"rendered":"Positive Impact Test"},"content":{"rendered":"","protected":true},"excerpt":{"rendered":"","protected":true},"author":20,"featured_media":81166,"parent":76261,"menu_order":0,"comment_status":"closed","ping_status":"closed","template":"","meta":{"_acf_changed":false,"_monsterinsights_skip_tracking":false,"_monsterinsights_sitenote_active":false,"_monsterinsights_sitenote_note":"","_monsterinsights_sitenote_category":0,"footnotes":"","_links_to":"","_links_to_target":""},"class_list":["post-102626","page","type-page","status-publish","post-password-required","hentry"],"acf":[],"yoast_head":"<!-- This site is optimized with the Yoast SEO plugin v27.3 - https:\/\/yoast.com\/product\/yoast-seo-wordpress\/ -->\n<title>Positive Impact Test &#8226; Digital Virgo<\/title>\n<meta name=\"robots\" content=\"index, follow, max-snippet:-1, max-image-preview:large, max-video-preview:-1\" \/>\n<link rel=\"canonical\" href=\"https:\/\/www.digitalvirgo.com\/lt\/group\/positive-impact-test\/\" \/>\n<meta property=\"og:locale\" content=\"lt_LT\" \/>\n<meta property=\"og:type\" content=\"article\" \/>\n<meta property=\"og:title\" content=\"Positive Impact Test &#8226; Digital Virgo\" \/>\n<meta property=\"og:description\" content=\"I\u0161traukos n\u0117ra, nes \u010dia apsaugotas \u012fra\u0161as.\" \/>\n<meta property=\"og:url\" content=\"https:\/\/www.digitalvirgo.com\/lt\/group\/positive-impact-test\/\" \/>\n<meta property=\"og:site_name\" content=\"Digital Virgo\" \/>\n<meta property=\"article:publisher\" content=\"https:\/\/www.facebook.com\/digitalvirgo\/\" \/>\n<meta property=\"article:modified_time\" content=\"2024-06-24T13:58:42+00:00\" \/>\n<meta name=\"twitter:card\" content=\"summary_large_image\" \/>\n<meta name=\"twitter:site\" content=\"@DigitalVirgo\" \/>\n<meta name=\"twitter:label1\" content=\"Est. reading time\" \/>\n\t<meta name=\"twitter:data1\" content=\"12 minu\u010di\u0173\" \/>\n<script type=\"application\/ld+json\" class=\"yoast-schema-graph\">{\"@context\":\"https:\\\/\\\/schema.org\",\"@graph\":[{\"@type\":\"WebPage\",\"@id\":\"https:\\\/\\\/www.digitalvirgo.com\\\/lt\\\/group\\\/positive-impact-test\\\/\",\"url\":\"https:\\\/\\\/www.digitalvirgo.com\\\/lt\\\/group\\\/positive-impact-test\\\/\",\"name\":\"Positive Impact Test &#8226; Digital Virgo\",\"isPartOf\":{\"@id\":\"https:\\\/\\\/www.digitalvirgo.com\\\/lt\\\/#website\"},\"datePublished\":\"2021-10-15T14:20:06+00:00\",\"dateModified\":\"2024-06-24T13:58:42+00:00\",\"breadcrumb\":{\"@id\":\"https:\\\/\\\/www.digitalvirgo.com\\\/lt\\\/group\\\/positive-impact-test\\\/#breadcrumb\"},\"inLanguage\":\"lt-LT\"},{\"@type\":\"WebSite\",\"@id\":\"https:\\\/\\\/www.digitalvirgo.com\\\/lt\\\/#website\",\"url\":\"https:\\\/\\\/www.digitalvirgo.com\\\/lt\\\/\",\"name\":\"Digital Virgo\",\"description\":\"Making the most of Mobile Payment\",\"publisher\":{\"@id\":\"https:\\\/\\\/www.digitalvirgo.com\\\/lt\\\/#organization\"},\"potentialAction\":[{\"@type\":\"SearchAction\",\"target\":{\"@type\":\"EntryPoint\",\"urlTemplate\":\"https:\\\/\\\/www.digitalvirgo.com\\\/lt\\\/?s={search_term_string}\"},\"query-input\":{\"@type\":\"PropertyValueSpecification\",\"valueRequired\":true,\"valueName\":\"search_term_string\"}}],\"inLanguage\":\"lt-LT\"},{\"@type\":\"Organization\",\"@id\":\"https:\\\/\\\/www.digitalvirgo.com\\\/lt\\\/#organization\",\"name\":\"Digital Virgo\",\"url\":\"https:\\\/\\\/www.digitalvirgo.com\\\/lt\\\/\",\"logo\":{\"@type\":\"ImageObject\",\"inLanguage\":\"lt-LT\",\"@id\":\"https:\\\/\\\/www.digitalvirgo.com\\\/lt\\\/#\\\/schema\\\/logo\\\/image\\\/\",\"url\":\"https:\\\/\\\/www.digitalvirgo.com\\\/wp-content\\\/uploads\\\/2020\\\/07\\\/DV_Square_No-Baseline-\u2013-1.png\",\"contentUrl\":\"https:\\\/\\\/www.digitalvirgo.com\\\/wp-content\\\/uploads\\\/2020\\\/07\\\/DV_Square_No-Baseline-\u2013-1.png\",\"width\":360,\"height\":133,\"caption\":\"Digital Virgo\"},\"image\":{\"@id\":\"https:\\\/\\\/www.digitalvirgo.com\\\/lt\\\/#\\\/schema\\\/logo\\\/image\\\/\"},\"sameAs\":[\"https:\\\/\\\/www.facebook.com\\\/digitalvirgo\\\/\",\"https:\\\/\\\/x.com\\\/DigitalVirgo\",\"https:\\\/\\\/www.instagram.com\\\/digitalvirgo\\\/\",\"https:\\\/\\\/www.linkedin.com\\\/company\\\/digitalvirgo\\\/\",\"https:\\\/\\\/www.youtube.com\\\/channel\\\/UCWOpLAp39LC7EZPg60f8jrQ\"]}]}<\/script>\n<!-- \/ Yoast SEO plugin. -->","yoast_head_json":{"title":"Positive Impact Test &#8226; Digital Virgo","robots":{"index":"index","follow":"follow","max-snippet":"max-snippet:-1","max-image-preview":"max-image-preview:large","max-video-preview":"max-video-preview:-1"},"canonical":"https:\/\/www.digitalvirgo.com\/lt\/group\/positive-impact-test\/","og_locale":"lt_LT","og_type":"article","og_title":"Positive Impact Test &#8226; Digital Virgo","og_description":"I\u0161traukos n\u0117ra, nes \u010dia apsaugotas \u012fra\u0161as.","og_url":"https:\/\/www.digitalvirgo.com\/lt\/group\/positive-impact-test\/","og_site_name":"Digital Virgo","article_publisher":"https:\/\/www.facebook.com\/digitalvirgo\/","article_modified_time":"2024-06-24T13:58:42+00:00","twitter_card":"summary_large_image","twitter_site":"@DigitalVirgo","twitter_misc":{"Est. reading time":"12 minu\u010di\u0173"},"schema":{"@context":"https:\/\/schema.org","@graph":[{"@type":"WebPage","@id":"https:\/\/www.digitalvirgo.com\/lt\/group\/positive-impact-test\/","url":"https:\/\/www.digitalvirgo.com\/lt\/group\/positive-impact-test\/","name":"Positive Impact Test &#8226; Digital Virgo","isPartOf":{"@id":"https:\/\/www.digitalvirgo.com\/lt\/#website"},"datePublished":"2021-10-15T14:20:06+00:00","dateModified":"2024-06-24T13:58:42+00:00","breadcrumb":{"@id":"https:\/\/www.digitalvirgo.com\/lt\/group\/positive-impact-test\/#breadcrumb"},"inLanguage":"lt-LT"},{"@type":"WebSite","@id":"https:\/\/www.digitalvirgo.com\/lt\/#website","url":"https:\/\/www.digitalvirgo.com\/lt\/","name":"Digital Virgo","description":"Making the most of Mobile Payment","publisher":{"@id":"https:\/\/www.digitalvirgo.com\/lt\/#organization"},"potentialAction":[{"@type":"SearchAction","target":{"@type":"EntryPoint","urlTemplate":"https:\/\/www.digitalvirgo.com\/lt\/?s={search_term_string}"},"query-input":{"@type":"PropertyValueSpecification","valueRequired":true,"valueName":"search_term_string"}}],"inLanguage":"lt-LT"},{"@type":"Organization","@id":"https:\/\/www.digitalvirgo.com\/lt\/#organization","name":"Digital Virgo","url":"https:\/\/www.digitalvirgo.com\/lt\/","logo":{"@type":"ImageObject","inLanguage":"lt-LT","@id":"https:\/\/www.digitalvirgo.com\/lt\/#\/schema\/logo\/image\/","url":"https:\/\/www.digitalvirgo.com\/wp-content\/uploads\/2020\/07\/DV_Square_No-Baseline-\u2013-1.png","contentUrl":"https:\/\/www.digitalvirgo.com\/wp-content\/uploads\/2020\/07\/DV_Square_No-Baseline-\u2013-1.png","width":360,"height":133,"caption":"Digital Virgo"},"image":{"@id":"https:\/\/www.digitalvirgo.com\/lt\/#\/schema\/logo\/image\/"},"sameAs":["https:\/\/www.facebook.com\/digitalvirgo\/","https:\/\/x.com\/DigitalVirgo","https:\/\/www.instagram.com\/digitalvirgo\/","https:\/\/www.linkedin.com\/company\/digitalvirgo\/","https:\/\/www.youtube.com\/channel\/UCWOpLAp39LC7EZPg60f8jrQ"]}]}},"_links":{"self":[{"href":"https:\/\/www.digitalvirgo.com\/lt\/wp-json\/wp\/v2\/pages\/102626","targetHints":{"allow":["GET"]}}],"collection":[{"href":"https:\/\/www.digitalvirgo.com\/lt\/wp-json\/wp\/v2\/pages"}],"about":[{"href":"https:\/\/www.digitalvirgo.com\/lt\/wp-json\/wp\/v2\/types\/page"}],"author":[{"embeddable":true,"href":"https:\/\/www.digitalvirgo.com\/lt\/wp-json\/wp\/v2\/users\/20"}],"replies":[{"embeddable":true,"href":"https:\/\/www.digitalvirgo.com\/lt\/wp-json\/wp\/v2\/comments?post=102626"}],"version-history":[{"count":0,"href":"https:\/\/www.digitalvirgo.com\/lt\/wp-json\/wp\/v2\/pages\/102626\/revisions"}],"up":[{"embeddable":true,"href":"https:\/\/www.digitalvirgo.com\/lt\/wp-json\/wp\/v2\/pages\/76261"}],"wp:featuredmedia":[{"embeddable":true,"href":"https:\/\/www.digitalvirgo.com\/lt\/wp-json\/wp\/v2\/media\/81166"}],"wp:attachment":[{"href":"https:\/\/www.digitalvirgo.com\/lt\/wp-json\/wp\/v2\/media?parent=102626"}],"curies":[{"name":"wp","href":"https:\/\/api.w.org\/{rel}","templated":true}]}}