{"id":80098,"date":"2021-10-22T10:23:50","date_gmt":"2021-10-22T09:23:50","guid":{"rendered":"https:\/\/www.digitalvirgo.com\/confirmation-telechargement\/"},"modified":"2021-11-03T14:13:40","modified_gmt":"2021-11-03T13:13:40","slug":"confirmation-telechargement","status":"publish","type":"page","link":"https:\/\/www.digitalvirgo.com\/fr\/confirmation-telechargement\/","title":{"rendered":"Confirmation t\u00e9l\u00e9chargement"},"content":{"rendered":"\t\t<div data-elementor-type=\"wp-page\" data-elementor-id=\"80098\" class=\"elementor elementor-80098 elementor-78085\" data-elementor-settings=\"{&quot;ha_cmc_init_switcher&quot;:&quot;no&quot;}\" data-elementor-post-type=\"page\">\n\t\t\t\t\t\t<section class=\"elementor-section elementor-top-section elementor-element elementor-element-73854718 elementor-section-content-middle elementor-section-height-min-height elementor-section-boxed elementor-section-height-default elementor-section-items-middle\" data-id=\"73854718\" data-element_type=\"section\" data-e-type=\"section\" data-settings=\"{&quot;background_background&quot;:&quot;classic&quot;,&quot;background_image&quot;:{&quot;url&quot;:&quot;&quot;,&quot;id&quot;:&quot;&quot;,&quot;size&quot;:&quot;&quot;},&quot;background_image_tablet&quot;:{&quot;url&quot;:&quot;&quot;,&quot;id&quot;:&quot;&quot;,&quot;size&quot;:&quot;&quot;},&quot;background_image_mobile&quot;:{&quot;url&quot;:&quot;&quot;,&quot;id&quot;:&quot;&quot;,&quot;size&quot;:&quot;&quot;},&quot;_ha_eqh_enable&quot;:false}\">\n\t\t\t\t\t\t<div class=\"elementor-container elementor-column-gap-default\">\n\t\t\t\t\t<div class=\"elementor-column elementor-col-100 elementor-top-column elementor-element elementor-element-28de936e\" data-id=\"28de936e\" data-element_type=\"column\" data-e-type=\"column\">\n\t\t\t<div class=\"elementor-widget-wrap elementor-element-populated\">\n\t\t\t\t\t\t<div class=\"elementor-element elementor-element-a20bf7d ee-heading--gradient elementor-widget elementor-widget-heading-extended\" data-id=\"a20bf7d\" data-element_type=\"widget\" data-e-type=\"widget\" data-widget_type=\"heading-extended.default\">\n\t\t\t\t<div class=\"elementor-widget-container\">\n\t\t\t\t\t\n\t\t\t<h1 class=\"ee-heading elementor-size-default\" data-title=\"Merci pour votre t\u00e9l\u00e9chargement !\"><span class=\"ee-heading__text\">\n\t\t\tMerci pour votre t\u00e9l\u00e9chargement !\t\t<\/span><\/h1>\n\n\t\t\t\t\t\t<\/div>\n\t\t\t\t<\/div>\n\t\t\t\t<div class=\"elementor-element elementor-element-77afe74a elementor-widget elementor-widget-heading\" data-id=\"77afe74a\" data-element_type=\"widget\" data-e-type=\"widget\" data-widget_type=\"heading.default\">\n\t\t\t\t<div class=\"elementor-widget-container\">\n\t\t\t\t\t<h3 class=\"elementor-heading-title elementor-size-default\">Allez voir votre bo\u00eete mail, <br>Nous vous avons envoy\u00e9 un lien<\/h3>\t\t\t\t<\/div>\n\t\t\t\t<\/div>\n\t\t\t\t<div class=\"elementor-element elementor-element-2ef2b350 elementor-align-center elementor-widget elementor-widget-button\" data-id=\"2ef2b350\" data-element_type=\"widget\" data-e-type=\"widget\" data-widget_type=\"button.default\">\n\t\t\t\t<div class=\"elementor-widget-container\">\n\t\t\t\t\t\t\t\t\t<div class=\"elementor-button-wrapper\">\n\t\t\t\t\t<a class=\"elementor-button elementor-button-link elementor-size-md\" href=\"https:\/\/www.digitalvirgo.com\/fr\/\">\n\t\t\t\t\t\t<span class=\"elementor-button-content-wrapper\">\n\t\t\t\t\t\t\t\t\t<span class=\"elementor-button-text\">&lt; Retour \u00e0 la page d'accueil<\/span>\n\t\t\t\t\t<\/span>\n\t\t\t\t\t<\/a>\n\t\t\t\t<\/div>\n\t\t\t\t\t\t\t\t<\/div>\n\t\t\t\t<\/div>\n\t\t\t\t\t<\/div>\n\t\t<\/div>\n\t\t\t\t\t<\/div>\n\t\t<\/section>\n\t\t\t\t<\/div>\n\t\t","protected":false},"excerpt":{"rendered":"<p>Merci pour votre t\u00e9l\u00e9chargement ! Allez voir votre bo\u00eete mail, Nous vous avons envoy\u00e9 un lien &lt; Retour \u00e0 la page d&rsquo;accueil<\/p>\n","protected":false},"author":20,"featured_media":81165,"parent":0,"menu_order":12,"comment_status":"closed","ping_status":"closed","template":"","meta":{"_acf_changed":false,"_monsterinsights_skip_tracking":false,"_monsterinsights_sitenote_active":false,"_monsterinsights_sitenote_note":"","_monsterinsights_sitenote_category":0,"footnotes":"","_links_to":"","_links_to_target":""},"class_list":["post-80098","page","type-page","status-publish","has-post-thumbnail","hentry"],"acf":[],"yoast_head":"<!-- This site is optimized with the Yoast SEO plugin v27.3 - https:\/\/yoast.com\/product\/yoast-seo-wordpress\/ -->\n<title>Confirmation t\u00e9l\u00e9chargement &#8226; Digital Virgo<\/title>\n<meta name=\"robots\" content=\"index, follow, max-snippet:-1, max-image-preview:large, max-video-preview:-1\" \/>\n<link rel=\"canonical\" href=\"https:\/\/www.digitalvirgo.com\/fr\/confirmation-telechargement\/\" \/>\n<meta property=\"og:locale\" content=\"fr_FR\" \/>\n<meta property=\"og:type\" content=\"article\" \/>\n<meta property=\"og:title\" content=\"Confirmation t\u00e9l\u00e9chargement &#8226; Digital Virgo\" \/>\n<meta property=\"og:description\" content=\"Merci pour votre t\u00e9l\u00e9chargement ! Allez voir votre bo\u00eete mail, Nous vous avons envoy\u00e9 un lien &lt; Retour \u00e0 la page d&rsquo;accueil\" \/>\n<meta property=\"og:url\" content=\"https:\/\/www.digitalvirgo.com\/fr\/confirmation-telechargement\/\" \/>\n<meta property=\"og:site_name\" content=\"Digital Virgo\" \/>\n<meta property=\"article:publisher\" content=\"https:\/\/www.facebook.com\/digitalvirgo\/\" \/>\n<meta property=\"article:modified_time\" content=\"2021-11-03T13:13:40+00:00\" \/>\n<meta property=\"og:image\" content=\"https:\/\/www.digitalvirgo.com\/wp-content\/uploads\/2021\/11\/featured-image-website-digital-virgo.jpg\" \/>\n\t<meta property=\"og:image:width\" content=\"720\" \/>\n\t<meta property=\"og:image:height\" content=\"720\" \/>\n\t<meta property=\"og:image:type\" content=\"image\/jpeg\" \/>\n<meta name=\"twitter:card\" content=\"summary_large_image\" \/>\n<meta name=\"twitter:site\" content=\"@DigitalVirgo\" \/>\n<script type=\"application\/ld+json\" class=\"yoast-schema-graph\">{\"@context\":\"https:\\\/\\\/schema.org\",\"@graph\":[{\"@type\":\"WebPage\",\"@id\":\"https:\\\/\\\/www.digitalvirgo.com\\\/fr\\\/confirmation-telechargement\\\/\",\"url\":\"https:\\\/\\\/www.digitalvirgo.com\\\/fr\\\/confirmation-telechargement\\\/\",\"name\":\"Confirmation t\u00e9l\u00e9chargement &#8226; Digital Virgo\",\"isPartOf\":{\"@id\":\"https:\\\/\\\/www.digitalvirgo.com\\\/fr\\\/#website\"},\"primaryImageOfPage\":{\"@id\":\"https:\\\/\\\/www.digitalvirgo.com\\\/fr\\\/confirmation-telechargement\\\/#primaryimage\"},\"image\":{\"@id\":\"https:\\\/\\\/www.digitalvirgo.com\\\/fr\\\/confirmation-telechargement\\\/#primaryimage\"},\"thumbnailUrl\":\"https:\\\/\\\/www.digitalvirgo.com\\\/wp-content\\\/uploads\\\/2021\\\/11\\\/featured-image-website-digital-virgo.jpg\",\"datePublished\":\"2021-10-22T09:23:50+00:00\",\"dateModified\":\"2021-11-03T13:13:40+00:00\",\"breadcrumb\":{\"@id\":\"https:\\\/\\\/www.digitalvirgo.com\\\/fr\\\/confirmation-telechargement\\\/#breadcrumb\"},\"inLanguage\":\"fr-FR\",\"potentialAction\":[{\"@type\":\"ReadAction\",\"target\":[\"https:\\\/\\\/www.digitalvirgo.com\\\/fr\\\/confirmation-telechargement\\\/\"]}]},{\"@type\":\"ImageObject\",\"inLanguage\":\"fr-FR\",\"@id\":\"https:\\\/\\\/www.digitalvirgo.com\\\/fr\\\/confirmation-telechargement\\\/#primaryimage\",\"url\":\"https:\\\/\\\/www.digitalvirgo.com\\\/wp-content\\\/uploads\\\/2021\\\/11\\\/featured-image-website-digital-virgo.jpg\",\"contentUrl\":\"https:\\\/\\\/www.digitalvirgo.com\\\/wp-content\\\/uploads\\\/2021\\\/11\\\/featured-image-website-digital-virgo.jpg\",\"width\":720,\"height\":720,\"caption\":\"Logo of Digital Virgo\"},{\"@type\":\"BreadcrumbList\",\"@id\":\"https:\\\/\\\/www.digitalvirgo.com\\\/fr\\\/confirmation-telechargement\\\/#breadcrumb\",\"itemListElement\":[{\"@type\":\"ListItem\",\"position\":1,\"name\":\"Home\",\"item\":\"https:\\\/\\\/www.digitalvirgo.com\\\/fr\\\/\"},{\"@type\":\"ListItem\",\"position\":2,\"name\":\"Confirmation t\u00e9l\u00e9chargement\"}]},{\"@type\":\"WebSite\",\"@id\":\"https:\\\/\\\/www.digitalvirgo.com\\\/fr\\\/#website\",\"url\":\"https:\\\/\\\/www.digitalvirgo.com\\\/fr\\\/\",\"name\":\"Digital Virgo\",\"description\":\"Making the most of Mobile Payment\",\"publisher\":{\"@id\":\"https:\\\/\\\/www.digitalvirgo.com\\\/fr\\\/#organization\"},\"potentialAction\":[{\"@type\":\"SearchAction\",\"target\":{\"@type\":\"EntryPoint\",\"urlTemplate\":\"https:\\\/\\\/www.digitalvirgo.com\\\/fr\\\/?s={search_term_string}\"},\"query-input\":{\"@type\":\"PropertyValueSpecification\",\"valueRequired\":true,\"valueName\":\"search_term_string\"}}],\"inLanguage\":\"fr-FR\"},{\"@type\":\"Organization\",\"@id\":\"https:\\\/\\\/www.digitalvirgo.com\\\/fr\\\/#organization\",\"name\":\"Digital Virgo\",\"url\":\"https:\\\/\\\/www.digitalvirgo.com\\\/fr\\\/\",\"logo\":{\"@type\":\"ImageObject\",\"inLanguage\":\"fr-FR\",\"@id\":\"https:\\\/\\\/www.digitalvirgo.com\\\/fr\\\/#\\\/schema\\\/logo\\\/image\\\/\",\"url\":\"https:\\\/\\\/www.digitalvirgo.com\\\/wp-content\\\/uploads\\\/2020\\\/07\\\/DV_Square_No-Baseline-\u2013-1.png\",\"contentUrl\":\"https:\\\/\\\/www.digitalvirgo.com\\\/wp-content\\\/uploads\\\/2020\\\/07\\\/DV_Square_No-Baseline-\u2013-1.png\",\"width\":360,\"height\":133,\"caption\":\"Digital Virgo\"},\"image\":{\"@id\":\"https:\\\/\\\/www.digitalvirgo.com\\\/fr\\\/#\\\/schema\\\/logo\\\/image\\\/\"},\"sameAs\":[\"https:\\\/\\\/www.facebook.com\\\/digitalvirgo\\\/\",\"https:\\\/\\\/x.com\\\/DigitalVirgo\",\"https:\\\/\\\/www.instagram.com\\\/digitalvirgo\\\/\",\"https:\\\/\\\/www.linkedin.com\\\/company\\\/digitalvirgo\\\/\",\"https:\\\/\\\/www.youtube.com\\\/channel\\\/UCWOpLAp39LC7EZPg60f8jrQ\"]}]}<\/script>\n<!-- \/ Yoast SEO plugin. -->","yoast_head_json":{"title":"Confirmation t\u00e9l\u00e9chargement &#8226; Digital Virgo","robots":{"index":"index","follow":"follow","max-snippet":"max-snippet:-1","max-image-preview":"max-image-preview:large","max-video-preview":"max-video-preview:-1"},"canonical":"https:\/\/www.digitalvirgo.com\/fr\/confirmation-telechargement\/","og_locale":"fr_FR","og_type":"article","og_title":"Confirmation t\u00e9l\u00e9chargement &#8226; Digital Virgo","og_description":"Merci pour votre t\u00e9l\u00e9chargement ! Allez voir votre bo\u00eete mail, Nous vous avons envoy\u00e9 un lien &lt; Retour \u00e0 la page d&rsquo;accueil","og_url":"https:\/\/www.digitalvirgo.com\/fr\/confirmation-telechargement\/","og_site_name":"Digital Virgo","article_publisher":"https:\/\/www.facebook.com\/digitalvirgo\/","article_modified_time":"2021-11-03T13:13:40+00:00","og_image":[{"width":720,"height":720,"url":"https:\/\/www.digitalvirgo.com\/wp-content\/uploads\/2021\/11\/featured-image-website-digital-virgo.jpg","type":"image\/jpeg"}],"twitter_card":"summary_large_image","twitter_site":"@DigitalVirgo","schema":{"@context":"https:\/\/schema.org","@graph":[{"@type":"WebPage","@id":"https:\/\/www.digitalvirgo.com\/fr\/confirmation-telechargement\/","url":"https:\/\/www.digitalvirgo.com\/fr\/confirmation-telechargement\/","name":"Confirmation t\u00e9l\u00e9chargement &#8226; Digital Virgo","isPartOf":{"@id":"https:\/\/www.digitalvirgo.com\/fr\/#website"},"primaryImageOfPage":{"@id":"https:\/\/www.digitalvirgo.com\/fr\/confirmation-telechargement\/#primaryimage"},"image":{"@id":"https:\/\/www.digitalvirgo.com\/fr\/confirmation-telechargement\/#primaryimage"},"thumbnailUrl":"https:\/\/www.digitalvirgo.com\/wp-content\/uploads\/2021\/11\/featured-image-website-digital-virgo.jpg","datePublished":"2021-10-22T09:23:50+00:00","dateModified":"2021-11-03T13:13:40+00:00","breadcrumb":{"@id":"https:\/\/www.digitalvirgo.com\/fr\/confirmation-telechargement\/#breadcrumb"},"inLanguage":"fr-FR","potentialAction":[{"@type":"ReadAction","target":["https:\/\/www.digitalvirgo.com\/fr\/confirmation-telechargement\/"]}]},{"@type":"ImageObject","inLanguage":"fr-FR","@id":"https:\/\/www.digitalvirgo.com\/fr\/confirmation-telechargement\/#primaryimage","url":"https:\/\/www.digitalvirgo.com\/wp-content\/uploads\/2021\/11\/featured-image-website-digital-virgo.jpg","contentUrl":"https:\/\/www.digitalvirgo.com\/wp-content\/uploads\/2021\/11\/featured-image-website-digital-virgo.jpg","width":720,"height":720,"caption":"Logo of Digital Virgo"},{"@type":"BreadcrumbList","@id":"https:\/\/www.digitalvirgo.com\/fr\/confirmation-telechargement\/#breadcrumb","itemListElement":[{"@type":"ListItem","position":1,"name":"Home","item":"https:\/\/www.digitalvirgo.com\/fr\/"},{"@type":"ListItem","position":2,"name":"Confirmation t\u00e9l\u00e9chargement"}]},{"@type":"WebSite","@id":"https:\/\/www.digitalvirgo.com\/fr\/#website","url":"https:\/\/www.digitalvirgo.com\/fr\/","name":"Digital Virgo","description":"Making the most of Mobile Payment","publisher":{"@id":"https:\/\/www.digitalvirgo.com\/fr\/#organization"},"potentialAction":[{"@type":"SearchAction","target":{"@type":"EntryPoint","urlTemplate":"https:\/\/www.digitalvirgo.com\/fr\/?s={search_term_string}"},"query-input":{"@type":"PropertyValueSpecification","valueRequired":true,"valueName":"search_term_string"}}],"inLanguage":"fr-FR"},{"@type":"Organization","@id":"https:\/\/www.digitalvirgo.com\/fr\/#organization","name":"Digital Virgo","url":"https:\/\/www.digitalvirgo.com\/fr\/","logo":{"@type":"ImageObject","inLanguage":"fr-FR","@id":"https:\/\/www.digitalvirgo.com\/fr\/#\/schema\/logo\/image\/","url":"https:\/\/www.digitalvirgo.com\/wp-content\/uploads\/2020\/07\/DV_Square_No-Baseline-\u2013-1.png","contentUrl":"https:\/\/www.digitalvirgo.com\/wp-content\/uploads\/2020\/07\/DV_Square_No-Baseline-\u2013-1.png","width":360,"height":133,"caption":"Digital Virgo"},"image":{"@id":"https:\/\/www.digitalvirgo.com\/fr\/#\/schema\/logo\/image\/"},"sameAs":["https:\/\/www.facebook.com\/digitalvirgo\/","https:\/\/x.com\/DigitalVirgo","https:\/\/www.instagram.com\/digitalvirgo\/","https:\/\/www.linkedin.com\/company\/digitalvirgo\/","https:\/\/www.youtube.com\/channel\/UCWOpLAp39LC7EZPg60f8jrQ"]}]}},"_links":{"self":[{"href":"https:\/\/www.digitalvirgo.com\/fr\/wp-json\/wp\/v2\/pages\/80098","targetHints":{"allow":["GET"]}}],"collection":[{"href":"https:\/\/www.digitalvirgo.com\/fr\/wp-json\/wp\/v2\/pages"}],"about":[{"href":"https:\/\/www.digitalvirgo.com\/fr\/wp-json\/wp\/v2\/types\/page"}],"author":[{"embeddable":true,"href":"https:\/\/www.digitalvirgo.com\/fr\/wp-json\/wp\/v2\/users\/20"}],"replies":[{"embeddable":true,"href":"https:\/\/www.digitalvirgo.com\/fr\/wp-json\/wp\/v2\/comments?post=80098"}],"version-history":[{"count":0,"href":"https:\/\/www.digitalvirgo.com\/fr\/wp-json\/wp\/v2\/pages\/80098\/revisions"}],"wp:featuredmedia":[{"embeddable":true,"href":"https:\/\/www.digitalvirgo.com\/fr\/wp-json\/wp\/v2\/media\/81165"}],"wp:attachment":[{"href":"https:\/\/www.digitalvirgo.com\/fr\/wp-json\/wp\/v2\/media?parent=80098"}],"curies":[{"name":"wp","href":"https:\/\/api.w.org\/{rel}","templated":true}]}}